{"id":2798,"date":"2024-03-20T20:57:55","date_gmt":"2024-03-20T15:57:55","guid":{"rendered":"https:\/\/www.savanil.ca\/nos-produits\/uncategorized\/black-gourmet-bourbon-vanilla-beans-from-madagascar\/"},"modified":"2025-01-17T23:29:43","modified_gmt":"2025-01-18T04:29:43","slug":"bourbon-vanilla-beans-of-madagascar","status":"publish","type":"product","link":"https:\/\/www.savanil.ca\/en\/vanilla\/bourbon-vanilla\/bourbon-vanilla-beans-of-madagascar\/","title":{"rendered":"Bourbon vanilla beans from Madagascar"},"content":{"rendered":"\t\t<div data-elementor-type=\"product-post\" data-elementor-id=\"2798\" class=\"elementor elementor-2798 elementor-826\" data-elementor-post-type=\"product\">\n\t\t\t\t<div class=\"elementor-element elementor-element-2b567f7 e-flex e-con-boxed e-con e-parent\" data-id=\"2b567f7\" data-element_type=\"container\" data-e-type=\"container\">\n\t\t\t\t\t<div class=\"e-con-inner\">\n\t\t\t\t<div class=\"vamtam-has-theme-widget-styles elementor-element elementor-element-ea57e57 elementor-widget elementor-widget-heading\" data-id=\"ea57e57\" data-element_type=\"widget\" data-e-type=\"widget\" data-widget_type=\"heading.default\">\n\t\t\t\t<div class=\"elementor-widget-container\">\n\t\t\t\t\t<h2 class=\"elementor-heading-title elementor-size-default\">Origin and cultivation of Madagascar bourbon vanilla<br><\/h2>\t\t\t\t<\/div>\n\t\t\t\t<\/div>\n\t\t\t\t<div class=\"vamtam-has-theme-widget-styles elementor-element elementor-element-7f0bb17 elementor-widget elementor-widget-text-editor\" data-id=\"7f0bb17\" data-element_type=\"widget\" data-e-type=\"widget\" data-widget_type=\"text-editor.default\">\n\t\t\t\t<div class=\"elementor-widget-container\">\n\t\t\t\t\t\t\t\t\t<p data-sourcepos=\"5:1-5:277\">Madagascar bourbon vanilla beans offer a unique flavor and aroma. Its flavor is mild and slightly sweet, with notes of chocolate, caramel and dried fruit. Its aroma is powerful and enchanting, with hints of vanilla, flowers and spices.<br \/>Madagascar bourbon vanilla beans are an exceptional product from the Sava region in the northeast of the island. This region is renowned for its humid tropical climate and volcanic soils, which provide ideal conditions for growing vanilla. Our Madagascar bourbon vanilla beans are organically grown and sustainable. They are hand-picked and carefully selected to guarantee optimum quality. Madagascar cinnamon has a mild, slightly sweet flavor with warm, spicy notes. Its bewitching aroma is both subtle and complex, with hints of lemongrass and vanilla. Cinnamon stick is a versatile ingredient that can be used in both sweet and savory dishes. It is delicious in desserts such as cakes, tarts, compotes and cr\u00e8mes br\u00fbl\u00e9es. It also adds an exotic touch to tagines, curries, stews and sauces.<\/p>\n\t\t\t\t\t\t\t\t<\/div>\n\t\t\t\t<\/div>\n\t\t\t\t\t<\/div>\n\t\t\t\t<\/div>\n\t\t\t\t<section class=\"elementor-section elementor-top-section elementor-element elementor-element-4e9ff97 elementor-section-boxed elementor-section-height-default elementor-section-height-default\" data-id=\"4e9ff97\" data-element_type=\"section\" data-e-type=\"section\">\n\t\t\t\t\t\t<div class=\"elementor-container elementor-column-gap-no\">\n\t\t\t\t\t<div class=\"elementor-column elementor-col-50 elementor-top-column elementor-element elementor-element-6a0f0d5\" data-id=\"6a0f0d5\" data-element_type=\"column\" data-e-type=\"column\" data-settings=\"{&quot;background_background&quot;:&quot;classic&quot;}\">\n\t\t\t<div class=\"elementor-widget-wrap elementor-element-populated\">\n\t\t\t\t\t\t<div class=\"vamtam-has-theme-widget-styles elementor-element elementor-element-b139fc8 elementor-widget elementor-widget-image\" data-id=\"b139fc8\" data-element_type=\"widget\" data-e-type=\"widget\" data-widget_type=\"image.default\">\n\t\t\t\t<div class=\"elementor-widget-container\">\n\t\t\t\t\t\t\t\t\t<div class=\"elementor-image\">\n\t\t\t\t\t\t\t\t\t\t\t\t\t\t\t\t\t\t\t\t\t<img fetchpriority=\"high\" decoding=\"async\" width=\"798\" height=\"1244\" src=\"https:\/\/www.savanil.ca\/wp-content\/uploads\/2024\/04\/Gousse-de-vanille-bourbon-de-Madagascar.webp\" class=\"attachment-full size-full wp-image-990107\" alt=\"\" srcset=\"https:\/\/www.savanil.ca\/wp-content\/uploads\/2024\/04\/Gousse-de-vanille-bourbon-de-Madagascar.webp 798w, https:\/\/www.savanil.ca\/wp-content\/uploads\/2024\/04\/Gousse-de-vanille-bourbon-de-Madagascar-257x400.webp 257w, https:\/\/www.savanil.ca\/wp-content\/uploads\/2024\/04\/Gousse-de-vanille-bourbon-de-Madagascar-513x800.webp 513w, https:\/\/www.savanil.ca\/wp-content\/uploads\/2024\/04\/Gousse-de-vanille-bourbon-de-Madagascar-768x1197.webp 768w, https:\/\/www.savanil.ca\/wp-content\/uploads\/2024\/04\/Gousse-de-vanille-bourbon-de-Madagascar-675x1052.webp 675w\" sizes=\"(max-width: 798px) 100vw, 798px\" \/>\t\t\t\t\t\t\t\t\t\t\t\t\t\t\t\t\t\t\t\t\t\t\t\t<\/div>\n\t\t\t\t\t\t\t\t<\/div>\n\t\t\t\t<\/div>\n\t\t\t\t\t<\/div>\n\t\t<\/div>\n\t\t\t\t<div class=\"elementor-column elementor-col-50 elementor-top-column elementor-element elementor-element-e678d26\" data-id=\"e678d26\" data-element_type=\"column\" data-e-type=\"column\" data-settings=\"{&quot;background_background&quot;:&quot;classic&quot;}\">\n\t\t\t<div class=\"elementor-widget-wrap elementor-element-populated\">\n\t\t\t\t\t\t<div class=\"vamtam-has-theme-widget-styles elementor-element elementor-element-bc3969c elementor-widget elementor-widget-heading\" data-id=\"bc3969c\" data-element_type=\"widget\" data-e-type=\"widget\" data-widget_type=\"heading.default\">\n\t\t\t\t<div class=\"elementor-widget-container\">\n\t\t\t\t\t<h2 class=\"elementor-heading-title elementor-size-default\">A natural source of health benefits<\/h2>\t\t\t\t<\/div>\n\t\t\t\t<\/div>\n\t\t\t\t<div class=\"vamtam-has-theme-widget-styles elementor-element elementor-element-bf1971c elementor-widget elementor-widget-text-editor\" data-id=\"bf1971c\" data-element_type=\"widget\" data-e-type=\"widget\" data-widget_type=\"text-editor.default\">\n\t\t\t\t<div class=\"elementor-widget-container\">\n\t\t\t\t\t\t\t\t\t<p data-sourcepos=\"15:1-15:246\">Madagascar bourbon vanilla beans are a versatile ingredient, equally at home in desserts and savory dishes. Delicious in cakes, pies, creams, sauces, meats and fish. Madagascar bourbon vanilla beans are also rich in antioxidants, which protect cells against free radicals and help prevent premature aging and certain chronic diseases.<\/p>\n\t\t\t\t\t\t\t\t<\/div>\n\t\t\t\t<\/div>\n\t\t\t\t<div class=\"vamtam-has-theme-widget-styles elementor-element elementor-element-84a1150 elementor-widget elementor-widget-heading\" data-id=\"84a1150\" data-element_type=\"widget\" data-e-type=\"widget\" data-widget_type=\"heading.default\">\n\t\t\t\t<div class=\"elementor-widget-container\">\n\t\t\t\t\t<h2 class=\"elementor-heading-title elementor-size-default\">Directions for use<\/h2>\t\t\t\t<\/div>\n\t\t\t\t<\/div>\n\t\t\t\t<div class=\"vamtam-has-theme-widget-styles elementor-element elementor-element-0dbefe6 elementor-widget elementor-widget-text-editor\" data-id=\"0dbefe6\" data-element_type=\"widget\" data-e-type=\"widget\" data-widget_type=\"text-editor.default\">\n\t\t\t\t<div class=\"elementor-widget-container\">\n\t\t\t\t\t\t\t\t\t<p data-sourcepos=\"25:1-25:159\">To preserve its full flavor and aroma, Madagascar bourbon vanilla beans should be stored in a cool, dry place, away from light. To use Madagascar bourbon vanilla beans, simply split them lengthwise and scrape out the black seeds with a knife. You can also add the whole pod to your cooking. Dosage depends on your culinary preferences. For a subtle vanilla flavour, start by adding half a pod to your dish. You can then increase the quantity as you wish. Madagascar bourbon vanilla beans are rich in fiber, B vitamins and minerals. Madagascar bourbon vanilla beans are not recommended for pregnant and breast-feeding women.<\/p>\n\t\t\t\t\t\t\t\t<\/div>\n\t\t\t\t<\/div>\n\t\t\t\t\t<\/div>\n\t\t<\/div>\n\t\t\t\t\t<\/div>\n\t\t<\/section>\n\t\t\t\t<\/div>\n\t\t","protected":false},"excerpt":{"rendered":"<p data-sourcepos=\"47:1-47:90\"><strong>Flavor your desserts and savory dishes with Madagascar bourbon vanilla beans!<\/strong><\/p>\n<p>An exceptional vanilla! Madagascar black vanilla is reputed to be the best in the world. Our vanilla beans are sourced from an organic cultivation. They are plump, supple and soft to touch with a chocolaty and flowery aroma and notes of caramel. Its aromas will join harmoniously with desserts and savoury dishes alike. 25 grams is roughly 7-8 pods of black vanilla. This exceptional product offers a unique flavor and aroma, with notes of chocolate, caramel and dried fruit. Rich in antioxidants, it is also good for your health.<\/p>\n","protected":false},"featured_media":993199,"comment_status":"open","ping_status":"closed","template":"","meta":{"inline_featured_image":false},"product_brand":[],"product_cat":[760,741],"product_tag":[],"class_list":{"0":"post-2798","1":"product","2":"type-product","3":"status-publish","4":"has-post-thumbnail","6":"product_cat-bourbon-vanilla","7":"product_cat-vanilla","8":"product_shipping_class-products-en","10":"first","11":"instock","12":"purchasable","13":"product-type-variable","14":"has-default-attributes"},"_links":{"self":[{"href":"https:\/\/www.savanil.ca\/en\/wp-json\/wp\/v2\/product\/2798","targetHints":{"allow":["GET"]}}],"collection":[{"href":"https:\/\/www.savanil.ca\/en\/wp-json\/wp\/v2\/product"}],"about":[{"href":"https:\/\/www.savanil.ca\/en\/wp-json\/wp\/v2\/types\/product"}],"replies":[{"embeddable":true,"href":"https:\/\/www.savanil.ca\/en\/wp-json\/wp\/v2\/comments?post=2798"}],"version-history":[{"count":1,"href":"https:\/\/www.savanil.ca\/en\/wp-json\/wp\/v2\/product\/2798\/revisions"}],"predecessor-version":[{"id":992063,"href":"https:\/\/www.savanil.ca\/en\/wp-json\/wp\/v2\/product\/2798\/revisions\/992063"}],"wp:featuredmedia":[{"embeddable":true,"href":"https:\/\/www.savanil.ca\/en\/wp-json\/wp\/v2\/media\/993199"}],"wp:attachment":[{"href":"https:\/\/www.savanil.ca\/en\/wp-json\/wp\/v2\/media?parent=2798"}],"wp:term":[{"taxonomy":"product_brand","embeddable":true,"href":"https:\/\/www.savanil.ca\/en\/wp-json\/wp\/v2\/product_brand?post=2798"},{"taxonomy":"product_cat","embeddable":true,"href":"https:\/\/www.savanil.ca\/en\/wp-json\/wp\/v2\/product_cat?post=2798"},{"taxonomy":"product_tag","embeddable":true,"href":"https:\/\/www.savanil.ca\/en\/wp-json\/wp\/v2\/product_tag?post=2798"}],"curies":[{"name":"wp","href":"https:\/\/api.w.org\/{rel}","templated":true}]}}