{"id":873,"date":"2017-02-20T20:42:22","date_gmt":"2017-02-20T20:42:22","guid":{"rendered":""},"modified":"2024-11-01T00:31:54","modified_gmt":"2024-11-01T05:31:54","slug":"cinnamon-stick","status":"publish","type":"product","link":"https:\/\/www.savanil.ca\/en\/spices\/cinnamon\/cinnamon-stick\/","title":{"rendered":"Cinnamon stick"},"content":{"rendered":"\t\t<div data-elementor-type=\"product-post\" data-elementor-id=\"873\" class=\"elementor elementor-873 elementor-868\" data-elementor-post-type=\"product\">\n\t\t\t\t<div class=\"elementor-element elementor-element-cc5794d e-flex e-con-boxed e-con e-parent\" data-id=\"cc5794d\" data-element_type=\"container\" data-e-type=\"container\">\n\t\t\t\t\t<div class=\"e-con-inner\">\n\t\t\t\t<div class=\"vamtam-has-theme-widget-styles elementor-element elementor-element-03461c4 elementor-widget elementor-widget-heading\" data-id=\"03461c4\" data-element_type=\"widget\" data-e-type=\"widget\" data-widget_type=\"heading.default\">\n\t\t\t\t<div class=\"elementor-widget-container\">\n\t\t\t\t\t<h2 class=\"elementor-heading-title elementor-size-default\">Origin and cultivation of cinnamon<\/h2>\t\t\t\t<\/div>\n\t\t\t\t<\/div>\n\t\t\t\t<div class=\"vamtam-has-theme-widget-styles elementor-element elementor-element-6957294 elementor-widget elementor-widget-text-editor\" data-id=\"6957294\" data-element_type=\"widget\" data-e-type=\"widget\" data-widget_type=\"text-editor.default\">\n\t\t\t\t<div class=\"elementor-widget-container\">\n\t\t\t\t\t\t\t\t\t<p data-sourcepos=\"7:1-7:324\">Our Madagascar cinnamon sticks come from the Sambava region, renowned for producing some of the world&#8217;s finest cinnamon. Hand-picked and sun-dried, our cinnamon is of exceptional quality. It is distinguished by its light brown color, fine texture and intense, warm fragrance.<\/p>\n<p data-sourcepos=\"11:1-11:207\">Madagascar cinnamon has a mild, slightly sweet flavor with warm, spicy notes. Its bewitching aroma is both subtle and complex, with hints of lemongrass and vanilla.<\/p>\n<p data-sourcepos=\"15:1-15:321\">Cinnamon stick is a versatile ingredient that can be used in both sweet and savory dishes. It is delicious in desserts such as cakes, tarts, compotes and cr\u00e8mes br\u00fbl\u00e9es. It also adds an exotic touch to tagines, curries, stews and sauces.<\/p>\n\t\t\t\t\t\t\t\t<\/div>\n\t\t\t\t<\/div>\n\t\t\t\t\t<\/div>\n\t\t\t\t<\/div>\n\t\t\t\t<section class=\"elementor-section elementor-top-section elementor-element elementor-element-f8aca6a elementor-section-boxed elementor-section-height-default elementor-section-height-default\" data-id=\"f8aca6a\" data-element_type=\"section\" data-e-type=\"section\">\n\t\t\t\t\t\t<div class=\"elementor-container elementor-column-gap-no\">\n\t\t\t\t\t<div class=\"elementor-column elementor-col-50 elementor-top-column elementor-element elementor-element-26745c3\" data-id=\"26745c3\" data-element_type=\"column\" data-e-type=\"column\" data-settings=\"{&quot;background_background&quot;:&quot;classic&quot;}\">\n\t\t\t<div class=\"elementor-widget-wrap elementor-element-populated\">\n\t\t\t\t\t\t<div class=\"vamtam-has-theme-widget-styles elementor-element elementor-element-55ec9d1 elementor-widget elementor-widget-image\" data-id=\"55ec9d1\" data-element_type=\"widget\" data-e-type=\"widget\" data-widget_type=\"image.default\">\n\t\t\t\t<div class=\"elementor-widget-container\">\n\t\t\t\t\t\t\t\t\t<div class=\"elementor-image\">\n\t\t\t\t\t\t\t\t\t\t\t\t\t\t\t\t\t\t\t\t\t<img fetchpriority=\"high\" decoding=\"async\" width=\"798\" height=\"1244\" src=\"https:\/\/www.savanil.ca\/wp-content\/uploads\/2024\/04\/Baton-de-cannelle.webp\" class=\"attachment-full size-full wp-image-990017\" alt=\"\" srcset=\"https:\/\/www.savanil.ca\/wp-content\/uploads\/2024\/04\/Baton-de-cannelle.webp 798w, https:\/\/www.savanil.ca\/wp-content\/uploads\/2024\/04\/Baton-de-cannelle-257x400.webp 257w, https:\/\/www.savanil.ca\/wp-content\/uploads\/2024\/04\/Baton-de-cannelle-513x800.webp 513w, https:\/\/www.savanil.ca\/wp-content\/uploads\/2024\/04\/Baton-de-cannelle-768x1197.webp 768w, https:\/\/www.savanil.ca\/wp-content\/uploads\/2024\/04\/Baton-de-cannelle-675x1052.webp 675w\" sizes=\"(max-width: 798px) 100vw, 798px\" \/>\t\t\t\t\t\t\t\t\t\t\t\t\t\t\t\t\t\t\t\t\t\t\t\t<\/div>\n\t\t\t\t\t\t\t\t<\/div>\n\t\t\t\t<\/div>\n\t\t\t\t\t<\/div>\n\t\t<\/div>\n\t\t\t\t<div class=\"elementor-column elementor-col-50 elementor-top-column elementor-element elementor-element-27b47aa\" data-id=\"27b47aa\" data-element_type=\"column\" data-e-type=\"column\" data-settings=\"{&quot;background_background&quot;:&quot;classic&quot;}\">\n\t\t\t<div class=\"elementor-widget-wrap elementor-element-populated\">\n\t\t\t\t\t\t<div class=\"vamtam-has-theme-widget-styles elementor-element elementor-element-7b9fa95 elementor-widget elementor-widget-heading\" data-id=\"7b9fa95\" data-element_type=\"widget\" data-e-type=\"widget\" data-widget_type=\"heading.default\">\n\t\t\t\t<div class=\"elementor-widget-container\">\n\t\t\t\t\t<h2 class=\"elementor-heading-title elementor-size-default\">A natural source of health benefits<\/h2>\t\t\t\t<\/div>\n\t\t\t\t<\/div>\n\t\t\t\t<div class=\"vamtam-has-theme-widget-styles elementor-element elementor-element-d1f4fb8 elementor-widget elementor-widget-text-editor\" data-id=\"d1f4fb8\" data-element_type=\"widget\" data-e-type=\"widget\" data-widget_type=\"text-editor.default\">\n\t\t\t\t<div class=\"elementor-widget-container\">\n\t\t\t\t\t\t\t\t\t<p>Cinnamon stick is not only a delicious spice, but also an inexhaustible source of health benefits. Enriched with antioxidant, anti-inflammatory and antimicrobial properties, our Madagascar cinnamon helps boost the immune system, regulate blood sugar and promote healthy digestion. Immerse yourself in a nourishing culinary experience that benefits your overall well-being.<\/p>\n\t\t\t\t\t\t\t\t<\/div>\n\t\t\t\t<\/div>\n\t\t\t\t<div class=\"vamtam-has-theme-widget-styles elementor-element elementor-element-bebcbd9 elementor-widget elementor-widget-heading\" data-id=\"bebcbd9\" data-element_type=\"widget\" data-e-type=\"widget\" data-widget_type=\"heading.default\">\n\t\t\t\t<div class=\"elementor-widget-container\">\n\t\t\t\t\t<h2 class=\"elementor-heading-title elementor-size-default\">Directions for use<\/h2>\t\t\t\t<\/div>\n\t\t\t\t<\/div>\n\t\t\t\t<div class=\"vamtam-has-theme-widget-styles elementor-element elementor-element-68dc1be elementor-widget elementor-widget-text-editor\" data-id=\"68dc1be\" data-element_type=\"widget\" data-e-type=\"widget\" data-widget_type=\"text-editor.default\">\n\t\t\t\t<div class=\"elementor-widget-container\">\n\t\t\t\t\t\t\t\t\t<p data-sourcepos=\"35:1-35:129\">To preserve its full flavor and aroma, cinnamon should be stored in a cool, dry place away from light. To flavour your dishes, simply dip a cinnamon stick into your dish. You can also break it into pieces or grind it for more precise use.<\/p>\n<p data-sourcepos=\"43:1-43:178\">Cinnamon is a powerful spice. It is therefore important to use it sparingly. Start by adding a small amount and gradually increase according to your taste.<\/p>\n<p data-sourcepos=\"49:1-49:118\">Cinnamon is a spice rich in fibre, manganese and iron. It also contains vitamins B1, B2 and B6.<\/p>\n<p data-sourcepos=\"53:1-53:155\">Cinnamon is not recommended for pregnant and breast-feeding women. It is also contraindicated in cases of gastric ulcer or allergy to cinnamon.<\/p>\n\t\t\t\t\t\t\t\t<\/div>\n\t\t\t\t<\/div>\n\t\t\t\t\t<\/div>\n\t\t<\/div>\n\t\t\t\t\t<\/div>\n\t\t<\/section>\n\t\t\t\t<\/div>\n\t\t","protected":false},"excerpt":{"rendered":"<p>Discover Madagascar cinnamon stick, an exotic spice prized for its bewitching aroma and incomparable flavor. Grown in the picturesque plantations of Madagascar, this cinnamon is harvested and prepared with the greatest care to guarantee exceptional quality. Add an exotic touch to your favorite dishes with this authentic cinnamon stick, direct from the island of Madagascar. Cinnamon is the dried bark of the cinnamon tree. Our cinnamon offers mild, slightly sweet flavours. It goes equally well in savory and sweet recipes.<\/p>\n","protected":false},"featured_media":993249,"comment_status":"open","ping_status":"closed","template":"","meta":{"inline_featured_image":false},"product_brand":[],"product_cat":[747,736],"product_tag":[],"class_list":{"0":"post-873","1":"product","2":"type-product","3":"status-publish","4":"has-post-thumbnail","6":"product_cat-cinnamon","7":"product_cat-spices","8":"product_shipping_class-products-en","10":"first","11":"instock","12":"purchasable","13":"product-type-variable","14":"has-default-attributes"},"_links":{"self":[{"href":"https:\/\/www.savanil.ca\/en\/wp-json\/wp\/v2\/product\/873","targetHints":{"allow":["GET"]}}],"collection":[{"href":"https:\/\/www.savanil.ca\/en\/wp-json\/wp\/v2\/product"}],"about":[{"href":"https:\/\/www.savanil.ca\/en\/wp-json\/wp\/v2\/types\/product"}],"replies":[{"embeddable":true,"href":"https:\/\/www.savanil.ca\/en\/wp-json\/wp\/v2\/comments?post=873"}],"version-history":[{"count":3,"href":"https:\/\/www.savanil.ca\/en\/wp-json\/wp\/v2\/product\/873\/revisions"}],"predecessor-version":[{"id":992183,"href":"https:\/\/www.savanil.ca\/en\/wp-json\/wp\/v2\/product\/873\/revisions\/992183"}],"wp:featuredmedia":[{"embeddable":true,"href":"https:\/\/www.savanil.ca\/en\/wp-json\/wp\/v2\/media\/993249"}],"wp:attachment":[{"href":"https:\/\/www.savanil.ca\/en\/wp-json\/wp\/v2\/media?parent=873"}],"wp:term":[{"taxonomy":"product_brand","embeddable":true,"href":"https:\/\/www.savanil.ca\/en\/wp-json\/wp\/v2\/product_brand?post=873"},{"taxonomy":"product_cat","embeddable":true,"href":"https:\/\/www.savanil.ca\/en\/wp-json\/wp\/v2\/product_cat?post=873"},{"taxonomy":"product_tag","embeddable":true,"href":"https:\/\/www.savanil.ca\/en\/wp-json\/wp\/v2\/product_tag?post=873"}],"curies":[{"name":"wp","href":"https:\/\/api.w.org\/{rel}","templated":true}]}}